{"id":133,"date":"2021-02-21T12:23:55","date_gmt":"2021-02-21T12:23:55","guid":{"rendered":"http:\/\/ingesersrl.com\/?page_id=133"},"modified":"2025-03-15T21:20:38","modified_gmt":"2025-03-16T00:20:38","slug":"nuestra-historia","status":"publish","type":"page","link":"https:\/\/ingesersrl.com\/index.php\/nuestra-historia\/","title":{"rendered":"NUESTRA HISTORIA"},"content":{"rendered":"\t\t<div data-elementor-type=\"wp-page\" data-elementor-id=\"133\" class=\"elementor elementor-133\" data-elementor-settings=\"[]\">\n\t\t\t\t\t\t\t<div class=\"elementor-section-wrap\">\n\t\t\t\t\t\t\t<section class=\"elementor-section elementor-top-section elementor-element elementor-element-4e41c6fa envato-kit-141-top-0 elementor-section-boxed elementor-section-height-default elementor-section-height-default\" data-id=\"4e41c6fa\" data-element_type=\"section\" data-settings=\"{&quot;background_background&quot;:&quot;classic&quot;}\">\n\t\t\t\t\t\t\t<div class=\"elementor-background-overlay\"><\/div>\n\t\t\t\t\t\t\t<div class=\"elementor-container elementor-column-gap-wider\">\n\t\t\t\t\t<div class=\"elementor-column elementor-col-50 elementor-top-column elementor-element elementor-element-43b4b1f\" data-id=\"43b4b1f\" data-element_type=\"column\">\n\t\t\t<div class=\"elementor-widget-wrap elementor-element-populated\">\n\t\t\t\t\t\t\t\t<div class=\"elementor-element elementor-element-1da23abc elementor-invisible elementor-widget elementor-widget-heading\" data-id=\"1da23abc\" data-element_type=\"widget\" data-settings=\"{&quot;_animation&quot;:&quot;fadeIn&quot;,&quot;_animation_delay&quot;:50}\" data-widget_type=\"heading.default\">\n\t\t\t\t<div class=\"elementor-widget-container\">\n\t\t\t<h2 class=\"elementor-heading-title elementor-size-default\">nuestra historia<\/h2>\t\t<\/div>\n\t\t\t\t<\/div>\n\t\t\t\t<div class=\"elementor-element elementor-element-22994d03 elementor-invisible elementor-widget elementor-widget-heading\" data-id=\"22994d03\" data-element_type=\"widget\" data-settings=\"{&quot;_animation&quot;:&quot;fadeIn&quot;,&quot;_animation_delay&quot;:100}\" data-widget_type=\"heading.default\">\n\t\t\t\t<div class=\"elementor-widget-container\">\n\t\t\t<h2 class=\"elementor-heading-title elementor-size-default\">Un poco m\u00e1s de nosotros<\/h2>\t\t<\/div>\n\t\t\t\t<\/div>\n\t\t\t\t<div class=\"elementor-element elementor-element-4aba6e59 elementor-widget-divider--view-line elementor-invisible elementor-widget elementor-widget-divider\" data-id=\"4aba6e59\" data-element_type=\"widget\" data-settings=\"{&quot;_animation&quot;:&quot;fadeIn&quot;,&quot;_animation_delay&quot;:150}\" data-widget_type=\"divider.default\">\n\t\t\t\t<div class=\"elementor-widget-container\">\n\t\t\t\t\t<div class=\"elementor-divider\">\n\t\t\t<span class=\"elementor-divider-separator\">\n\t\t\t\t\t\t<\/span>\n\t\t<\/div>\n\t\t\t\t<\/div>\n\t\t\t\t<\/div>\n\t\t\t\t<div class=\"elementor-element elementor-element-15f515c3 elementor-invisible elementor-widget elementor-widget-heading\" data-id=\"15f515c3\" data-element_type=\"widget\" data-settings=\"{&quot;_animation&quot;:&quot;fadeIn&quot;,&quot;_animation_delay&quot;:200}\" data-widget_type=\"heading.default\">\n\t\t\t\t<div class=\"elementor-widget-container\">\n\t\t\t<h2 class=\"elementor-heading-title elementor-size-default\">INGESER nace en Comodoro Rivadavia, Chubut, como una peque\u00f1a empresa, priorizando los trabajos de peque\u00f1as embarcaciones pesqueras, y mantenimientos de muelles de la localidad.\n<br><br>\n\nD\u00eda a d\u00eda fuimos creciendo e incorporando experiencia y recurso humano calificado para realizar, cada vez m\u00e1s, trabajos de mayor envergadura y con  requerimientos de  mayor precisi\u00f3n\n.<br><br>\n\n\nAl destacar nuestro compromiso y responsabilidad, fuimos adquiriendo nuevos clientes, de mayor reconocimiento local y nacional.<br><br>\n\n\nLogramos certificado de trabajo interjurisdiccional, logrando as\u00ed poder trabajar en cualquier puerto del pa\u00eds en embarcaciones petroleras y pesqueras.<br><br>\n\nActualmente, nuestro mayor desempe\u00f1o laboral, lo realizamos en el puerto de Comodoro Rivadavia, logrando trabajar con grandes embarcaciones realizando mantenimiento preventivo y correctivo.\n<br><br>\n<br>\n<br>\n<br><\/h2>\t\t<\/div>\n\t\t\t\t<\/div>\n\t\t\t\t\t<\/div>\n\t\t<\/div>\n\t\t\t\t<div class=\"elementor-column elementor-col-50 elementor-top-column elementor-element elementor-element-5f5bef4\" data-id=\"5f5bef4\" data-element_type=\"column\">\n\t\t\t<div class=\"elementor-widget-wrap elementor-element-populated\">\n\t\t\t\t\t\t\t\t<div class=\"elementor-element elementor-element-7c121fe elementor-position-left elementor-vertical-align-top elementor-widget elementor-widget-image-box\" data-id=\"7c121fe\" data-element_type=\"widget\" data-widget_type=\"image-box.default\">\n\t\t\t\t<div class=\"elementor-widget-container\">\n\t\t\t<div class=\"elementor-image-box-wrapper\"><figure class=\"elementor-image-box-img\"><img width=\"1280\" height=\"768\" src=\"https:\/\/ingesersrl.com\/wp-content\/uploads\/2021\/02\/WhatsApp-Image-2021-02-08-at-13.53.18.jpeg\" class=\"elementor-animation-grow attachment-full size-full\" alt=\"INGESER SRL\" loading=\"lazy\" srcset=\"https:\/\/ingesersrl.com\/wp-content\/uploads\/2021\/02\/WhatsApp-Image-2021-02-08-at-13.53.18.jpeg 1280w, https:\/\/ingesersrl.com\/wp-content\/uploads\/2021\/02\/WhatsApp-Image-2021-02-08-at-13.53.18-300x180.jpeg 300w, https:\/\/ingesersrl.com\/wp-content\/uploads\/2021\/02\/WhatsApp-Image-2021-02-08-at-13.53.18-1024x614.jpeg 1024w, https:\/\/ingesersrl.com\/wp-content\/uploads\/2021\/02\/WhatsApp-Image-2021-02-08-at-13.53.18-768x461.jpeg 768w\" sizes=\"(max-width: 1280px) 100vw, 1280px\" \/><\/figure><div class=\"elementor-image-box-content\"><h3 class=\"elementor-image-box-title\">REACONDICIONAMIENTO Y EVALUACI\u00d3N <\/h3><p class=\"elementor-image-box-description\">Tuber\u00edas, conductos y v\u00e1lvulas de seguridad de  sistema de alta presi\u00f3n.<\/p><\/div><\/div>\t\t<\/div>\n\t\t\t\t<\/div>\n\t\t\t\t<div class=\"elementor-element elementor-element-e238193 elementor-position-left elementor-vertical-align-top elementor-widget elementor-widget-image-box\" data-id=\"e238193\" data-element_type=\"widget\" data-widget_type=\"image-box.default\">\n\t\t\t\t<div class=\"elementor-widget-container\">\n\t\t\t<div class=\"elementor-image-box-wrapper\"><figure class=\"elementor-image-box-img\"><img width=\"768\" height=\"1024\" src=\"https:\/\/ingesersrl.com\/wp-content\/uploads\/2021\/02\/WhatsApp-Image-2021-02-08-at-13.53.14-768x1024.jpeg\" class=\"elementor-animation-grow attachment-large size-large\" alt=\"INGESER SRL\" loading=\"lazy\" srcset=\"https:\/\/ingesersrl.com\/wp-content\/uploads\/2021\/02\/WhatsApp-Image-2021-02-08-at-13.53.14-768x1024.jpeg 768w, https:\/\/ingesersrl.com\/wp-content\/uploads\/2021\/02\/WhatsApp-Image-2021-02-08-at-13.53.14-225x300.jpeg 225w, https:\/\/ingesersrl.com\/wp-content\/uploads\/2021\/02\/WhatsApp-Image-2021-02-08-at-13.53.14.jpeg 960w\" sizes=\"(max-width: 768px) 100vw, 768px\" \/><\/figure><div class=\"elementor-image-box-content\"><h3 class=\"elementor-image-box-title\">MANTENIMIENTO<\/h3><p class=\"elementor-image-box-description\">Puesta a punto de dientes de amarre y  defensas en muelle, Comodoro Rivadavia.<\/p><\/div><\/div>\t\t<\/div>\n\t\t\t\t<\/div>\n\t\t\t\t<div class=\"elementor-element elementor-element-121b367 elementor-position-left elementor-vertical-align-top elementor-widget elementor-widget-image-box\" data-id=\"121b367\" data-element_type=\"widget\" data-widget_type=\"image-box.default\">\n\t\t\t\t<div class=\"elementor-widget-container\">\n\t\t\t<div class=\"elementor-image-box-wrapper\"><figure class=\"elementor-image-box-img\"><img width=\"768\" height=\"1024\" src=\"https:\/\/ingesersrl.com\/wp-content\/uploads\/2021\/02\/WhatsApp-Image-2021-02-08-at-13.53.10-768x1024.jpeg\" class=\"elementor-animation-grow attachment-large size-large\" alt=\"INGESER SRL\" loading=\"lazy\" srcset=\"https:\/\/ingesersrl.com\/wp-content\/uploads\/2021\/02\/WhatsApp-Image-2021-02-08-at-13.53.10-768x1024.jpeg 768w, https:\/\/ingesersrl.com\/wp-content\/uploads\/2021\/02\/WhatsApp-Image-2021-02-08-at-13.53.10-225x300.jpeg 225w, https:\/\/ingesersrl.com\/wp-content\/uploads\/2021\/02\/WhatsApp-Image-2021-02-08-at-13.53.10.jpeg 960w\" sizes=\"(max-width: 768px) 100vw, 768px\" \/><\/figure><div class=\"elementor-image-box-content\"><h3 class=\"elementor-image-box-title\">INSPECCI\u00d3N Y REPARACI\u00d3N<\/h3><p class=\"elementor-image-box-description\">Trabajos de mantenimiento en barcos pesqueros.<\/p><\/div><\/div>\t\t<\/div>\n\t\t\t\t<\/div>\n\t\t\t\t\t<\/div>\n\t\t<\/div>\n\t\t\t\t\t\t\t<\/div>\n\t\t<\/section>\n\t\t\t\t\t\t<\/div>\n\t\t\t\t\t<\/div>\n\t\t","protected":false},"excerpt":{"rendered":"<p>nuestra historia Un poco m\u00e1s de nosotros INGESER nace en Comodoro Rivadavia, Chubut, como una peque\u00f1a empresa, priorizando los trabajos de peque\u00f1as embarcaciones pesqueras, y mantenimientos de muelles de la localidad. D\u00eda a d\u00eda fuimos creciendo e incorporando experiencia y recurso humano calificado para realizar, cada vez m\u00e1s, trabajos de mayor envergadura y con requerimientos &hellip;<\/p>\n<p class=\"read-more\"> <a class=\"\" href=\"https:\/\/ingesersrl.com\/index.php\/nuestra-historia\/\"> <span class=\"screen-reader-text\">NUESTRA HISTORIA<\/span> Leer m\u00e1s &raquo;<\/a><\/p>\n","protected":false},"author":1,"featured_media":0,"parent":0,"menu_order":0,"comment_status":"closed","ping_status":"closed","template":"","meta":[],"_links":{"self":[{"href":"https:\/\/ingesersrl.com\/index.php\/wp-json\/wp\/v2\/pages\/133"}],"collection":[{"href":"https:\/\/ingesersrl.com\/index.php\/wp-json\/wp\/v2\/pages"}],"about":[{"href":"https:\/\/ingesersrl.com\/index.php\/wp-json\/wp\/v2\/types\/page"}],"author":[{"embeddable":true,"href":"https:\/\/ingesersrl.com\/index.php\/wp-json\/wp\/v2\/users\/1"}],"replies":[{"embeddable":true,"href":"https:\/\/ingesersrl.com\/index.php\/wp-json\/wp\/v2\/comments?post=133"}],"version-history":[{"count":89,"href":"https:\/\/ingesersrl.com\/index.php\/wp-json\/wp\/v2\/pages\/133\/revisions"}],"predecessor-version":[{"id":823,"href":"https:\/\/ingesersrl.com\/index.php\/wp-json\/wp\/v2\/pages\/133\/revisions\/823"}],"wp:attachment":[{"href":"https:\/\/ingesersrl.com\/index.php\/wp-json\/wp\/v2\/media?parent=133"}],"curies":[{"name":"wp","href":"https:\/\/api.w.org\/{rel}","templated":true}]}}